{"id":4682,"date":"2024-04-18T14:50:03","date_gmt":"2024-04-18T12:50:03","guid":{"rendered":"https:\/\/ebiketour.ch\/?page_id=4682"},"modified":"2025-04-30T16:55:28","modified_gmt":"2025-04-30T14:55:28","slug":"tours-2","status":"publish","type":"page","link":"https:\/\/ebiketour.ch\/en\/tours-2\/","title":{"rendered":"Tours r\u00e9guliers"},"content":{"rendered":"<section class=\"wpb-content-wrapper\"><div class=\"vc_row wpb_row vc_row-fluid\"><div class=\"wpb_column vc_column_container vc_col-sm-12\"><div class=\"vc_column-inner\"><div class=\"wpb_wrapper\"><div class=\"vc_empty_space\"   style=\"height: 42px\"><span class=\"vc_empty_space_inner\"><\/span><\/div>\n\t<div class=\"wpb_text_column wpb_content_element\" >\n\t\t<div class=\"wpb_wrapper\">\n\t\t\t<h1 style=\"text-align: center;\"><span style=\"color: #c3d00d;\">ebiketour fait une pause, <\/span><br \/>\n<span style=\"color: #c3d00d;\">nous esp\u00e9rons vous retrouver tr\u00e8s vite&nbsp; &#x1f6b2;!<\/span><\/h1>\n\n\t\t<\/div>\n\t<\/div>\n<div class=\"vc_empty_space\"   style=\"height: 62px\"><span class=\"vc_empty_space_inner\"><\/span><\/div>\n\t<div class=\"wpb_text_column wpb_content_element\" >\n\t\t<div class=\"wpb_wrapper\">\n\t\t\t<h1>R\u00e9servez votre tour<\/h1>\n\n\t\t<\/div>\n\t<\/div>\n\n\t<div class=\"wpb_raw_code wpb_content_element wpb_raw_html\" >\n\t\t<div class=\"wpb_wrapper\">\n\t\t\t<!--\n<div id=\"widget-Lokki\">\n        <div\n          id=\"popup-lokki\"\n          style=\" \n            display: none;\n            position: fixed;\n            z-index: 300000;\n            padding-top: 100px;\n            left: 0;\n            top: 0;\n            width: 100%;\n            height: 100%;\n            overflow: auto;\n            background-color: rgb(0,0,0);\n            background-color: rgba(0,0,0,0.4);\"\n        >\n        <div \n            id=\"popup-lokki-content\"          \n            style=\" \n              height: 100%;\n              width: 100%;\n              position: fixed;\n              z-index: 100001;\n              top: 0;\n              left: 0;\n              overflow-x: hidden;\n              -webkit-transform:scale(.9, .9);\">\n          <span\n            id=\"btn-close-lokki\"\n            style=\"\n                position: fixed;\n                top: 1px;\n                right: 30px;\n                font-size: 50px;\n                font-weight: 900;\n                cursor: pointer;\n                color: grey;\"\n          >\n            &times;\n          <\/span>\n          <iframe\n            id=\"lokki-frame\"\n            style=\"height: 100%; width: 100%; \"\n            src=\"https:\/\/ebt.lokki.rent\/events\/65e6f30991f74a003824a785\"\n            frameborder=\"0\"\n            marginheight=\"0\"\n            marginwidth=\"0\"\n          ><\/iframe>\n          <\/div>\n        <\/div>\n<div \n  style=\"position: fixed;\n  bottom: 2rem;\n  right: 2rem;\n  width: 30%;\n  max-width: 200px;\n  min-width: 175px;\n  z-index: 100000;\n  background-color: white;\n  border-radius: 10px;\n  box-shadow: 0px 0px 30px rgba(48, 35, 173, 0.15);\n  padding: 15px 20px;\n  text-align: center; \n  line-height: 24px;\n  display: flex;\n  justify-content: space-between;\n  flex-direction: column;\n  font-family: 'Rubik', 'Helvetica', 'sans-serif'\"\n>\n  <span \n  style=\"color: #8D8AAB;\n  font-weight: 500;\n  border-bottom: 1px solid #E9E7FA;\n  padding-bottom: 6px;font-size: 16px\"> RESERVEZ EN LIGNE <\/span>\n  <p \n  id=\"btn-open-lokki\"\n  style=\"width: 100%;\n  padding: 9px 0px;\n  border-radius: 5px;\n  box-shadow: rgba(48, 35, 173, 0.13) 2px 2px 6px 0px;\n\tbackground-color: #0a6470;\n  border: none;\n  overflow: hidden;\n  text-decoration: none;\n  color: white;\n  font-weight: 500;\n  line-height: 20px;\n  font-size: 16px;\n  cursor: pointer;\"\n  >\n   Tour \u00e0 v\u00e9lo\n  <\/p>\n<\/div>\n        <script>\n          document.getElementById(\"btn-close-lokki\").addEventListener(\"click\", function() { \n            document.getElementById(\"popup-lokki\").style.display = \"none\";\n            document.getElementById(\"btn-close-lokki\").style.display = \"none\";\n          \n          });\n          document.getElementById(\"btn-open-lokki\").addEventListener(\"click\", () => {\n            document.getElementById(\"popup-lokki\").style.display = \"block\";\n            document.getElementById(\"btn-close-lokki\").style.display = \"block\";\n          });\n\n          window.onclick = function(event) {\n            if (event.target.id != \"popup-lokki-content\" && event.target.id != \"btn-open-lokki\") {\n              document.getElementById(\"popup-lokki\").style.display = \"none\";\n              document.getElementById(\"btn-close-lokki\").style.display = \"none\";\n            }\n          }\n        <\/script>\n      <\/div>\n-->\n\t\t<\/div>\n\t<\/div>\n<\/div><\/div><\/div><\/div><div class=\"vc_row wpb_row vc_row-fluid\"><div class=\"wpb_column vc_column_container vc_col-sm-4\"><div class=\"vc_column-inner\"><div class=\"wpb_wrapper\">\n\t<div class=\"wpb_text_column wpb_content_element\" >\n\t\t<div class=\"wpb_wrapper\">\n\t\t\t<h2>Gen\u00e8ve 400 ans d&rsquo;histoire<\/h2>\n\n\t\t<\/div>\n\t<\/div>\n\n\t<div class=\"wpb_text_column wpb_content_element  vc_custom_1714020688874\" >\n\t\t<div class=\"wpb_wrapper\">\n\t\t\t<p><strong><span style=\"color: #000000;\">Dur\u00e9e: env. 2,5 h.<\/span><\/strong><\/p>\n<p><strong><span style=\"color: #000000;\">Difficult\u00e9: \u2605\u2606\u2606\u2606\u2606<\/span><\/strong><\/p>\n<p><strong><span style=\"color: #000000;\">Ok famille: \u2605\u2605\u2605\u2605\u2606<br \/>\n<\/span><\/strong><\/p>\n<p><strong><span style=\"color: #000000;\">Histoire &amp; culture :&nbsp;\u2605\u2605\u2605\u2605\u2606<\/span><\/strong><\/p>\n<p><strong><span style=\"color: #000000;\">Vin:&nbsp;\u2605\u2606\u2606\u2606\u2606<\/span><\/strong><\/p>\n\n\t\t<\/div>\n\t<\/div>\n<div class=\"vc_btn3-container vc_btn3-center\" ><a style=\"background-color:#0a6470; color:#ffffff;\" class=\"vc_general vc_btn3 vc_btn3-size-lg vc_btn3-shape-square vc_btn3-style-custom\" href=\"https:\/\/ebt.lokki.rent\/events\" title=\"\" target=\"_blank\">R\u00e9server ce tour<\/a><\/div>\n\t<div class=\"wpb_text_column wpb_content_element\" >\n\t\t<div class=\"wpb_wrapper\">\n\t\t\t<p>Les Incontournables: venez remonter le temps sur 400 ans d\u2019histoire, pour saisir l&rsquo;esprit de Gen\u00e8ve: des Organisations internationales du XX\u00e8me si\u00e8cle (Pl. des Nations) \u00e0 la cit\u00e9 m\u00e9di\u00e9vale de Jean Calvin en passant par les plus belles r\u00e9sidences &amp; parcs au bord du lac, l\u2019\u00eele Rousseau, la cath\u00e9drale et le Monument international de la R\u00e9forme.<strong><br \/>\n<\/strong><\/p>\n<p><strong>incl.&nbsp;: v\u00e9lo, casque, guide de ville certifi\u00e9<\/strong><\/p>\n\n\t\t<\/div>\n\t<\/div>\n<div class=\"wpb_gallery wpb_content_element vc_clearfix\" ><div class=\"wpb_wrapper\"><div class=\"wpb_gallery_slides wpb_flexslider flexslider_fade flexslider\" data-interval=\"3\" data-flex_fx=\"fade\"><ul class=\"slides\"><li><img loading=\"lazy\" decoding=\"async\" width=\"225\" height=\"300\" src=\"https:\/\/ebiketour.ch\/wp-content\/uploads\/2021\/05\/2021-04-17-10.37.34-225x300.jpg\" class=\"attachment-medium\" alt=\"\" title=\"2021-04-17 10.37.34\" srcset=\"https:\/\/ebiketour.ch\/wp-content\/uploads\/2021\/05\/2021-04-17-10.37.34-225x300.jpg 225w, https:\/\/ebiketour.ch\/wp-content\/uploads\/2021\/05\/2021-04-17-10.37.34-scaled-600x800.jpg 600w, https:\/\/ebiketour.ch\/wp-content\/uploads\/2021\/05\/2021-04-17-10.37.34-768x1024.jpg 768w, https:\/\/ebiketour.ch\/wp-content\/uploads\/2021\/05\/2021-04-17-10.37.34-1152x1536.jpg 1152w, https:\/\/ebiketour.ch\/wp-content\/uploads\/2021\/05\/2021-04-17-10.37.34-1536x2048.jpg 1536w, https:\/\/ebiketour.ch\/wp-content\/uploads\/2021\/05\/2021-04-17-10.37.34-300x400.jpg 300w, https:\/\/ebiketour.ch\/wp-content\/uploads\/2021\/05\/2021-04-17-10.37.34-scaled.jpg 1920w\" sizes=\"auto, (max-width: 225px) 100vw, 225px\" \/><\/li><li><img loading=\"lazy\" decoding=\"async\" width=\"300\" height=\"225\" src=\"https:\/\/ebiketour.ch\/wp-content\/uploads\/2023\/03\/2021-04-17-10.14.22-300x225.jpg\" class=\"attachment-medium\" alt=\"\" title=\"2021-04-17 10.14.22\" srcset=\"https:\/\/ebiketour.ch\/wp-content\/uploads\/2023\/03\/2021-04-17-10.14.22-300x225.jpg 300w, https:\/\/ebiketour.ch\/wp-content\/uploads\/2023\/03\/2021-04-17-10.14.22-scaled-600x450.jpg 600w, https:\/\/ebiketour.ch\/wp-content\/uploads\/2023\/03\/2021-04-17-10.14.22-1024x768.jpg 1024w, https:\/\/ebiketour.ch\/wp-content\/uploads\/2023\/03\/2021-04-17-10.14.22-768x576.jpg 768w, https:\/\/ebiketour.ch\/wp-content\/uploads\/2023\/03\/2021-04-17-10.14.22-1536x1152.jpg 1536w, https:\/\/ebiketour.ch\/wp-content\/uploads\/2023\/03\/2021-04-17-10.14.22-2048x1536.jpg 2048w, https:\/\/ebiketour.ch\/wp-content\/uploads\/2023\/03\/2021-04-17-10.14.22-16x12.jpg 16w\" sizes=\"auto, (max-width: 300px) 100vw, 300px\" \/><\/li><li><img loading=\"lazy\" decoding=\"async\" width=\"300\" height=\"283\" src=\"https:\/\/ebiketour.ch\/wp-content\/uploads\/2023\/03\/ebt_ville2-scaled-e1713522277176-300x283.jpg\" class=\"attachment-medium\" alt=\"\" title=\"ebt_ville2\" srcset=\"https:\/\/ebiketour.ch\/wp-content\/uploads\/2023\/03\/ebt_ville2-scaled-e1713522277176-300x283.jpg 300w, https:\/\/ebiketour.ch\/wp-content\/uploads\/2023\/03\/ebt_ville2-scaled-e1713522277176-600x565.jpg 600w, https:\/\/ebiketour.ch\/wp-content\/uploads\/2023\/03\/ebt_ville2-scaled-e1713522277176-1024x964.jpg 1024w, https:\/\/ebiketour.ch\/wp-content\/uploads\/2023\/03\/ebt_ville2-scaled-e1713522277176-768x723.jpg 768w, https:\/\/ebiketour.ch\/wp-content\/uploads\/2023\/03\/ebt_ville2-scaled-e1713522277176-13x12.jpg 13w, https:\/\/ebiketour.ch\/wp-content\/uploads\/2023\/03\/ebt_ville2-scaled-e1713522277176.jpg 1440w\" sizes=\"auto, (max-width: 300px) 100vw, 300px\" \/><\/li><\/ul><\/div><\/div><\/div><\/div><\/div><\/div><div class=\"wpb_column vc_column_container vc_col-sm-4\"><div class=\"vc_column-inner\"><div class=\"wpb_wrapper\">\n\t<div class=\"wpb_text_column wpb_content_element\" >\n\t\t<div class=\"wpb_wrapper\">\n\t\t\t<h2>Gen\u00e8ve \u0153notour Jura<\/h2>\n\n\t\t<\/div>\n\t<\/div>\n\n\t<div class=\"wpb_text_column wpb_content_element  vc_custom_1714020789407\" >\n\t\t<div class=\"wpb_wrapper\">\n\t\t\t<p><strong><span style=\"color: #000000;\">Dur\u00e9e: env. 3 h.<\/span><\/strong><\/p>\n<p><strong><span style=\"color: #000000;\">Difficult\u00e9: \u2605\u2605\u2606\u2606\u2606<\/span><\/strong><\/p>\n<p><strong><span style=\"color: #000000;\">Ok famille: \u2605\u2605\u2605\u2605\u2606<br \/>\n<\/span><\/strong><\/p>\n<p><strong><span style=\"color: #000000;\">Histoire &amp; culture :&nbsp;\u2605\u2605\u2606\u2606\u2606<\/span><\/strong><\/p>\n<p><strong><span style=\"color: #000000;\">Vin:&nbsp;\u2605\u2605\u2605\u2605\u2605<\/span><\/strong><\/p>\n\n\t\t<\/div>\n\t<\/div>\n<div class=\"vc_btn3-container vc_btn3-center\" ><a style=\"background-color:#0a6470; color:#ffffff;\" class=\"vc_general vc_btn3 vc_btn3-size-lg vc_btn3-shape-square vc_btn3-style-custom\" href=\"https:\/\/ebt.lokki.rent\/events\" title=\"\" target=\"_blank\">R\u00e9server ce tour<\/a><\/div>\n\t<div class=\"wpb_text_column wpb_content_element\" >\n\t\t<div class=\"wpb_wrapper\">\n\t\t\t<p>Balade VAE panoramique en campagne, au d\u00e9part de Meyrin-village (tram 18) \u00e0 destination du plus grand vignoble genevois, ponctu\u00e9e d\u2019une g\u00e9n\u00e9reuse d\u00e9gustation.<\/p>\n<p><strong>incl. : VAE, casque, guide certifi\u00e9, 6 \u00e0 8 vins<\/strong><\/p>\n\n\t\t<\/div>\n\t<\/div>\n<div class=\"wpb_gallery wpb_content_element vc_clearfix\" ><div class=\"wpb_wrapper\"><div class=\"wpb_gallery_slides wpb_flexslider flexslider_fade flexslider\" data-interval=\"3\" data-flex_fx=\"fade\"><ul class=\"slides\"><li><img loading=\"lazy\" decoding=\"async\" width=\"300\" height=\"225\" src=\"https:\/\/ebiketour.ch\/wp-content\/uploads\/2020\/06\/Cyril-Vue-canton-ve\u0301los-300x225.jpg\" class=\"attachment-medium\" alt=\"\" title=\"Cyril-Vue canton-ve\u0301los\" srcset=\"https:\/\/ebiketour.ch\/wp-content\/uploads\/2020\/06\/Cyril-Vue-canton-ve\u0301los-300x225.jpg 300w, https:\/\/ebiketour.ch\/wp-content\/uploads\/2020\/06\/Cyril-Vue-canton-ve\u0301los-600x450.jpg 600w, https:\/\/ebiketour.ch\/wp-content\/uploads\/2020\/06\/Cyril-Vue-canton-ve\u0301los-768x576.jpg 768w, https:\/\/ebiketour.ch\/wp-content\/uploads\/2020\/06\/Cyril-Vue-canton-ve\u0301los.jpg 1024w\" sizes=\"auto, (max-width: 300px) 100vw, 300px\" \/><\/li><li><img loading=\"lazy\" decoding=\"async\" width=\"300\" height=\"200\" src=\"https:\/\/ebiketour.ch\/wp-content\/uploads\/2022\/05\/DSC2100-300x200.jpg\" class=\"attachment-medium\" alt=\"\" title=\"DSC2100\" srcset=\"https:\/\/ebiketour.ch\/wp-content\/uploads\/2022\/05\/DSC2100-300x200.jpg 300w, https:\/\/ebiketour.ch\/wp-content\/uploads\/2022\/05\/DSC2100-18x12.jpg 18w, https:\/\/ebiketour.ch\/wp-content\/uploads\/2022\/05\/DSC2100.jpg 600w\" sizes=\"auto, (max-width: 300px) 100vw, 300px\" \/><\/li><li><img loading=\"lazy\" decoding=\"async\" width=\"300\" height=\"225\" src=\"https:\/\/ebiketour.ch\/wp-content\/uploads\/2014\/11\/album-09-2013-27-300x225.jpg\" class=\"attachment-medium\" alt=\"\" title=\"album-09-2013-27\" srcset=\"https:\/\/ebiketour.ch\/wp-content\/uploads\/2014\/11\/album-09-2013-27-300x225.jpg 300w, https:\/\/ebiketour.ch\/wp-content\/uploads\/2014\/11\/album-09-2013-27-600x450.jpg 600w, https:\/\/ebiketour.ch\/wp-content\/uploads\/2014\/11\/album-09-2013-27.jpg 640w\" sizes=\"auto, (max-width: 300px) 100vw, 300px\" \/><\/li><\/ul><\/div><\/div><\/div><\/div><\/div><\/div><div class=\"wpb_column vc_column_container vc_col-sm-4\"><div class=\"vc_column-inner\"><div class=\"wpb_wrapper\">\n\t<div class=\"wpb_text_column wpb_content_element\" >\n\t\t<div class=\"wpb_wrapper\">\n\t\t\t<h2>Gen\u00e8ve \u0153notour Mont-Blanc<\/h2>\n\n\t\t<\/div>\n\t<\/div>\n\n\t<div class=\"wpb_text_column wpb_content_element  vc_custom_1714021228490\" >\n\t\t<div class=\"wpb_wrapper\">\n\t\t\t<p><strong><span style=\"color: #000000;\">Dur\u00e9e: env. 4 h.<\/span><\/strong><\/p>\n<p><strong><span style=\"color: #000000;\">Difficult\u00e9: \u2605\u2605\u2606\u2606\u2606<br \/>\n<\/span><\/strong><\/p>\n<p><strong><span style=\"color: #000000;\">Ok famille: \u2605\u2605<\/span><span style=\"color: #000000;\">\u2605<\/span><span style=\"color: #000000;\">\u2606\u2606<br \/>\n<\/span><\/strong><\/p>\n<p><strong><span style=\"color: #000000;\">Histoire &amp; culture :&nbsp;\u2605\u2605\u2605\u2606\u2606<\/span><\/strong><\/p>\n<p><strong><span style=\"color: #000000;\">Vin:&nbsp;\u2605\u2605\u2605\u2605\u2605<\/span><\/strong><\/p>\n\n\t\t<\/div>\n\t<\/div>\n<div class=\"vc_btn3-container vc_btn3-center\" ><a style=\"background-color:#0a6470; color:#ffffff;\" class=\"vc_general vc_btn3 vc_btn3-size-lg vc_btn3-shape-square vc_btn3-style-custom\" href=\"https:\/\/ebt.lokki.rent\/events\" title=\"\" target=\"_blank\">R\u00e9server ce tour<\/a><\/div>\n\t<div class=\"wpb_text_column wpb_content_element\" >\n\t\t<div class=\"wpb_wrapper\">\n\t\t\t<p>Balade VAE panoramique en campagne au d\u00e9part de la gare Cornavin&nbsp;: travers\u00e9e informative du centre-ville (rade, lac et parcs), puis d\u00e9part pour les magnifiques terres de la rive gauche, face au Mt-Blanc, pour une g\u00e9n\u00e9reuse d\u00e9gustation.<\/p>\n<p><strong>incl. : VAE, casque, guide certifi\u00e9, 6 \u00e0 8 vins<\/strong><\/p>\n\n\t\t<\/div>\n\t<\/div>\n<div class=\"wpb_gallery wpb_content_element vc_clearfix\" ><div class=\"wpb_wrapper\"><div class=\"wpb_gallery_slides wpb_flexslider flexslider_fade flexslider\" data-interval=\"3\" data-flex_fx=\"fade\"><ul class=\"slides\"><li><img loading=\"lazy\" decoding=\"async\" width=\"300\" height=\"200\" src=\"https:\/\/ebiketour.ch\/wp-content\/uploads\/2023\/03\/individuelles-1.flou_.jpg\" class=\"attachment-medium\" alt=\"\" title=\"individuelles-1.flou\" srcset=\"https:\/\/ebiketour.ch\/wp-content\/uploads\/2023\/03\/individuelles-1.flou_.jpg 1200w, https:\/\/ebiketour.ch\/wp-content\/uploads\/2023\/03\/individuelles-1.flou_-600x401.jpg 600w\" sizes=\"auto, (max-width: 300px) 100vw, 300px\" \/><\/li><li><img loading=\"lazy\" decoding=\"async\" width=\"300\" height=\"225\" src=\"https:\/\/ebiketour.ch\/wp-content\/uploads\/2014\/11\/album-09-2013-8-300x225.jpg\" class=\"attachment-medium\" alt=\"\" title=\"album-09-2013-8\" srcset=\"https:\/\/ebiketour.ch\/wp-content\/uploads\/2014\/11\/album-09-2013-8-300x225.jpg 300w, https:\/\/ebiketour.ch\/wp-content\/uploads\/2014\/11\/album-09-2013-8-600x450.jpg 600w, https:\/\/ebiketour.ch\/wp-content\/uploads\/2014\/11\/album-09-2013-8-1024x768.jpg 1024w, https:\/\/ebiketour.ch\/wp-content\/uploads\/2014\/11\/album-09-2013-8.jpg 1200w\" sizes=\"auto, (max-width: 300px) 100vw, 300px\" \/><\/li><li><img loading=\"lazy\" decoding=\"async\" width=\"300\" height=\"225\" src=\"https:\/\/ebiketour.ch\/wp-content\/uploads\/2023\/03\/Groupes_rive_gauche-7-300x225.jpg\" class=\"attachment-medium\" alt=\"\" title=\"Groupes_rive_gauche-7\" srcset=\"https:\/\/ebiketour.ch\/wp-content\/uploads\/2023\/03\/Groupes_rive_gauche-7-300x225.jpg 300w, https:\/\/ebiketour.ch\/wp-content\/uploads\/2023\/03\/Groupes_rive_gauche-7-600x450.jpg 600w, https:\/\/ebiketour.ch\/wp-content\/uploads\/2023\/03\/Groupes_rive_gauche-7-16x12.jpg 16w, https:\/\/ebiketour.ch\/wp-content\/uploads\/2023\/03\/Groupes_rive_gauche-7.jpg 640w\" sizes=\"auto, (max-width: 300px) 100vw, 300px\" \/><\/li><\/ul><\/div><\/div><\/div><\/div><\/div><\/div><\/div>\n<\/section>","protected":false},"excerpt":{"rendered":"ebiketour fait une pause, nous esp\u00e9rons vous retrouver tr\u00e8s vite&nbsp; &#x1f6b2;! R\u00e9servez votre tour Gen\u00e8ve 400 ans d'histoire Dur\u00e9e: env. 2,5 h. Difficult\u00e9: \u2605\u2606\u2606\u2606\u2606 Ok famille: \u2605\u2605\u2605\u2605\u2606 Histoire &amp; culture :&nbsp;\u2605\u2605\u2605\u2605\u2606 Vin:&nbsp;\u2605\u2606\u2606\u2606\u2606 R\u00e9server ce tour Les Incontournables: venez remonter le temps sur 400 ans d\u2019histoire, pour saisir l'esprit de Gen\u00e8ve: des Organisations internationales du XX\u00e8me [...]","protected":false},"author":3,"featured_media":0,"parent":0,"menu_order":0,"comment_status":"closed","ping_status":"closed","template":"","meta":{"_acf_changed":false,"site-sidebar-layout":"no-sidebar","site-content-layout":"plain-container","ast-site-content-layout":"normal-width-container","site-content-style":"unboxed","site-sidebar-style":"unboxed","ast-global-header-display":"","ast-banner-title-visibility":"","ast-main-header-display":"","ast-hfb-above-header-display":"","ast-hfb-below-header-display":"","ast-hfb-mobile-header-display":"","site-post-title":"disabled","ast-breadcrumbs-content":"","ast-featured-img":"disabled","footer-sml-layout":"","theme-transparent-header-meta":"default","adv-header-id-meta":"","stick-header-meta":"","header-above-stick-meta":"","header-main-stick-meta":"","header-below-stick-meta":"","astra-migrate-meta-layouts":"set","ast-page-background-enabled":"default","ast-page-background-meta":{"desktop":{"background-color":"var(--ast-global-color-4)","background-image":"","background-repeat":"repeat","background-position":"center center","background-size":"auto","background-attachment":"scroll","background-type":"","background-media":"","overlay-type":"","overlay-color":"","overlay-opacity":"","overlay-gradient":""},"tablet":{"background-color":"","background-image":"","background-repeat":"repeat","background-position":"center center","background-size":"auto","background-attachment":"scroll","background-type":"","background-media":"","overlay-type":"","overlay-color":"","overlay-opacity":"","overlay-gradient":""},"mobile":{"background-color":"","background-image":"","background-repeat":"repeat","background-position":"center center","background-size":"auto","background-attachment":"scroll","background-type":"","background-media":"","overlay-type":"","overlay-color":"","overlay-opacity":"","overlay-gradient":""}},"ast-content-background-meta":{"desktop":{"background-color":"var(--ast-global-color-5)","background-image":"","background-repeat":"repeat","background-position":"center center","background-size":"auto","background-attachment":"scroll","background-type":"","background-media":"","overlay-type":"","overlay-color":"","overlay-opacity":"","overlay-gradient":""},"tablet":{"background-color":"var(--ast-global-color-5)","background-image":"","background-repeat":"repeat","background-position":"center center","background-size":"auto","background-attachment":"scroll","background-type":"","background-media":"","overlay-type":"","overlay-color":"","overlay-opacity":"","overlay-gradient":""},"mobile":{"background-color":"var(--ast-global-color-5)","background-image":"","background-repeat":"repeat","background-position":"center center","background-size":"auto","background-attachment":"scroll","background-type":"","background-media":"","overlay-type":"","overlay-color":"","overlay-opacity":"","overlay-gradient":""}},"ngg_post_thumbnail":0,"footnotes":""},"class_list":["post-4682","page","type-page","status-publish","hentry"],"acf":[],"_links":{"self":[{"href":"https:\/\/ebiketour.ch\/en\/wp-json\/wp\/v2\/pages\/4682","targetHints":{"allow":["GET"]}}],"collection":[{"href":"https:\/\/ebiketour.ch\/en\/wp-json\/wp\/v2\/pages"}],"about":[{"href":"https:\/\/ebiketour.ch\/en\/wp-json\/wp\/v2\/types\/page"}],"author":[{"embeddable":true,"href":"https:\/\/ebiketour.ch\/en\/wp-json\/wp\/v2\/users\/3"}],"replies":[{"embeddable":true,"href":"https:\/\/ebiketour.ch\/en\/wp-json\/wp\/v2\/comments?post=4682"}],"version-history":[{"count":54,"href":"https:\/\/ebiketour.ch\/en\/wp-json\/wp\/v2\/pages\/4682\/revisions"}],"predecessor-version":[{"id":4884,"href":"https:\/\/ebiketour.ch\/en\/wp-json\/wp\/v2\/pages\/4682\/revisions\/4884"}],"wp:attachment":[{"href":"https:\/\/ebiketour.ch\/en\/wp-json\/wp\/v2\/media?parent=4682"}],"curies":[{"name":"wp","href":"https:\/\/api.w.org\/{rel}","templated":true}]}}