{"id":4703,"date":"2024-04-18T16:24:58","date_gmt":"2024-04-18T14:24:58","guid":{"rendered":"https:\/\/ebiketour.ch\/?page_id=4703"},"modified":"2025-04-30T16:50:53","modified_gmt":"2025-04-30T14:50:53","slug":"tours-a-la-carte","status":"publish","type":"page","link":"https:\/\/ebiketour.ch\/en\/tours-a-la-carte\/","title":{"rendered":"Tours \u00e0 la carte"},"content":{"rendered":"<section class=\"wpb-content-wrapper\"><div class=\"vc_row wpb_row vc_row-fluid\"><div class=\"wpb_column vc_column_container vc_col-sm-12\"><div class=\"vc_column-inner\"><div class=\"wpb_wrapper\"><div class=\"vc_empty_space\"   style=\"height: 42px\"><span class=\"vc_empty_space_inner\"><\/span><\/div>\n\t<div class=\"wpb_text_column wpb_content_element \" >\n\t\t<div class=\"wpb_wrapper\">\n\t\t\t<div class=\"wpb_text_column wpb_content_element \">\n<div class=\"wpb_wrapper\">\n<h1 style=\"text-align: center;\"><span style=\"color: #c3d00d;\">ebiketour fait une pause, <\/span><br \/>\n<span style=\"color: #c3d00d;\">nous esp\u00e9rons vous retrouver tr\u00e8s vite&nbsp; &#x1f6b2; !<\/span><\/h1>\n<\/div>\n<\/div>\n\n\t\t<\/div>\n\t<\/div>\n<div class=\"vc_empty_space\"   style=\"height: 62px\"><span class=\"vc_empty_space_inner\"><\/span><\/div><div class=\"vc_row wpb_row vc_inner vc_row-fluid\"><div class=\"wpb_column vc_column_container vc_col-sm-6\"><div class=\"vc_column-inner\"><div class=\"wpb_wrapper\"><div class=\"wpb_gallery wpb_content_element vc_clearfix\" ><div class=\"wpb_wrapper\"><div class=\"wpb_gallery_slides wpb_flexslider flexslider_fade flexslider\" data-interval=\"3\" data-flex_fx=\"fade\"><ul class=\"slides\"><li><a class=\"\" href=\"https:\/\/ebiketour.ch\/wp-content\/uploads\/2023\/04\/IMG_20230322_163709_low_flou-1024x768.jpg\" data-lightbox=\"lightbox[rel-4703-3213683817]\"><img loading=\"lazy\" decoding=\"async\" width=\"1024\" height=\"768\" src=\"https:\/\/ebiketour.ch\/wp-content\/uploads\/2023\/04\/IMG_20230322_163709_low_flou-1024x768.jpg\" class=\"attachment-large\" alt=\"\" title=\"IMG_20230322_163709_low_flou\" srcset=\"https:\/\/ebiketour.ch\/wp-content\/uploads\/2023\/04\/IMG_20230322_163709_low_flou-1024x768.jpg 1024w, https:\/\/ebiketour.ch\/wp-content\/uploads\/2023\/04\/IMG_20230322_163709_low_flou-300x225.jpg 300w, https:\/\/ebiketour.ch\/wp-content\/uploads\/2023\/04\/IMG_20230322_163709_low_flou-768x576.jpg 768w, https:\/\/ebiketour.ch\/wp-content\/uploads\/2023\/04\/IMG_20230322_163709_low_flou-1536x1152.jpg 1536w, https:\/\/ebiketour.ch\/wp-content\/uploads\/2023\/04\/IMG_20230322_163709_low_flou-2048x1536.jpg 2048w, https:\/\/ebiketour.ch\/wp-content\/uploads\/2023\/04\/IMG_20230322_163709_low_flou-16x12.jpg 16w, https:\/\/ebiketour.ch\/wp-content\/uploads\/2023\/04\/IMG_20230322_163709_low_flou-600x450.jpg 600w\" sizes=\"auto, (max-width: 1024px) 100vw, 1024px\" \/><\/a><\/li><li><a class=\"\" href=\"https:\/\/ebiketour.ch\/wp-content\/uploads\/2023\/04\/DSC2121-2_flou.jpg\" data-lightbox=\"lightbox[rel-4703-3213683817]\"><img loading=\"lazy\" decoding=\"async\" width=\"600\" height=\"400\" src=\"https:\/\/ebiketour.ch\/wp-content\/uploads\/2023\/04\/DSC2121-2_flou.jpg\" class=\"attachment-large\" alt=\"\" title=\"DSC2121-2_flou\" srcset=\"https:\/\/ebiketour.ch\/wp-content\/uploads\/2023\/04\/DSC2121-2_flou.jpg 600w, https:\/\/ebiketour.ch\/wp-content\/uploads\/2023\/04\/DSC2121-2_flou-300x200.jpg 300w, https:\/\/ebiketour.ch\/wp-content\/uploads\/2023\/04\/DSC2121-2_flou-18x12.jpg 18w\" sizes=\"auto, (max-width: 600px) 100vw, 600px\" \/><\/a><\/li><li><a class=\"\" href=\"https:\/\/ebiketour.ch\/wp-content\/uploads\/2023\/03\/2021-04-17-09.44.05-1024x768.jpg\" data-lightbox=\"lightbox[rel-4703-3213683817]\"><img loading=\"lazy\" decoding=\"async\" width=\"1024\" height=\"768\" src=\"https:\/\/ebiketour.ch\/wp-content\/uploads\/2023\/03\/2021-04-17-09.44.05-1024x768.jpg\" class=\"attachment-large\" alt=\"\" title=\"2021-04-17 09.44.05\" srcset=\"https:\/\/ebiketour.ch\/wp-content\/uploads\/2023\/03\/2021-04-17-09.44.05-1024x768.jpg 1024w, https:\/\/ebiketour.ch\/wp-content\/uploads\/2023\/03\/2021-04-17-09.44.05-scaled-600x450.jpg 600w, https:\/\/ebiketour.ch\/wp-content\/uploads\/2023\/03\/2021-04-17-09.44.05-300x225.jpg 300w, https:\/\/ebiketour.ch\/wp-content\/uploads\/2023\/03\/2021-04-17-09.44.05-768x576.jpg 768w, https:\/\/ebiketour.ch\/wp-content\/uploads\/2023\/03\/2021-04-17-09.44.05-1536x1152.jpg 1536w, https:\/\/ebiketour.ch\/wp-content\/uploads\/2023\/03\/2021-04-17-09.44.05-2048x1536.jpg 2048w, https:\/\/ebiketour.ch\/wp-content\/uploads\/2023\/03\/2021-04-17-09.44.05-16x12.jpg 16w\" sizes=\"auto, (max-width: 1024px) 100vw, 1024px\" \/><\/a><\/li><li><a class=\"\" href=\"https:\/\/ebiketour.ch\/wp-content\/uploads\/2023\/03\/ebt_ville3-1024x768.jpg\" data-lightbox=\"lightbox[rel-4703-3213683817]\"><img loading=\"lazy\" decoding=\"async\" width=\"1024\" height=\"768\" src=\"https:\/\/ebiketour.ch\/wp-content\/uploads\/2023\/03\/ebt_ville3-1024x768.jpg\" class=\"attachment-large\" alt=\"\" title=\"ebt_ville3\" srcset=\"https:\/\/ebiketour.ch\/wp-content\/uploads\/2023\/03\/ebt_ville3-1024x768.jpg 1024w, https:\/\/ebiketour.ch\/wp-content\/uploads\/2023\/03\/ebt_ville3-600x450.jpg 600w, https:\/\/ebiketour.ch\/wp-content\/uploads\/2023\/03\/ebt_ville3-300x225.jpg 300w, https:\/\/ebiketour.ch\/wp-content\/uploads\/2023\/03\/ebt_ville3-768x576.jpg 768w, https:\/\/ebiketour.ch\/wp-content\/uploads\/2023\/03\/ebt_ville3-16x12.jpg 16w, https:\/\/ebiketour.ch\/wp-content\/uploads\/2023\/03\/ebt_ville3.jpg 1229w\" sizes=\"auto, (max-width: 1024px) 100vw, 1024px\" \/><\/a><\/li><li><a class=\"\" href=\"https:\/\/ebiketour.ch\/wp-content\/uploads\/2022\/04\/2020-06-21-12.54.37_recadre_Xsmall.gif\" data-lightbox=\"lightbox[rel-4703-3213683817]\"><img loading=\"lazy\" decoding=\"async\" width=\"659\" height=\"745\" src=\"https:\/\/ebiketour.ch\/wp-content\/uploads\/2022\/04\/2020-06-21-12.54.37_recadre_Xsmall.gif\" class=\"attachment-large\" alt=\"\" title=\"2020-06-21 12.54.37_recadre_Xsmall\" \/><\/a><\/li><li><a class=\"\" href=\"https:\/\/ebiketour.ch\/wp-content\/uploads\/2023\/03\/ebt_eglrusse-1024x768.jpg\" data-lightbox=\"lightbox[rel-4703-3213683817]\"><img loading=\"lazy\" decoding=\"async\" width=\"1024\" height=\"768\" src=\"https:\/\/ebiketour.ch\/wp-content\/uploads\/2023\/03\/ebt_eglrusse-1024x768.jpg\" class=\"attachment-large\" alt=\"\" title=\"ebt_eglrusse\" srcset=\"https:\/\/ebiketour.ch\/wp-content\/uploads\/2023\/03\/ebt_eglrusse-1024x768.jpg 1024w, https:\/\/ebiketour.ch\/wp-content\/uploads\/2023\/03\/ebt_eglrusse-scaled-600x450.jpg 600w, https:\/\/ebiketour.ch\/wp-content\/uploads\/2023\/03\/ebt_eglrusse-300x225.jpg 300w, https:\/\/ebiketour.ch\/wp-content\/uploads\/2023\/03\/ebt_eglrusse-768x576.jpg 768w, https:\/\/ebiketour.ch\/wp-content\/uploads\/2023\/03\/ebt_eglrusse-1536x1152.jpg 1536w, https:\/\/ebiketour.ch\/wp-content\/uploads\/2023\/03\/ebt_eglrusse-2048x1536.jpg 2048w, https:\/\/ebiketour.ch\/wp-content\/uploads\/2023\/03\/ebt_eglrusse-16x12.jpg 16w\" sizes=\"auto, (max-width: 1024px) 100vw, 1024px\" \/><\/a><\/li><li><a class=\"\" href=\"https:\/\/ebiketour.ch\/wp-content\/uploads\/2022\/07\/Groupes_rive_gauche-2.jpg\" data-lightbox=\"lightbox[rel-4703-3213683817]\"><img loading=\"lazy\" decoding=\"async\" width=\"640\" height=\"480\" src=\"https:\/\/ebiketour.ch\/wp-content\/uploads\/2022\/07\/Groupes_rive_gauche-2.jpg\" class=\"attachment-large\" alt=\"\" title=\"Groupes_rive_gauche-2\" srcset=\"https:\/\/ebiketour.ch\/wp-content\/uploads\/2022\/07\/Groupes_rive_gauche-2.jpg 640w, https:\/\/ebiketour.ch\/wp-content\/uploads\/2022\/07\/Groupes_rive_gauche-2-600x450.jpg 600w, https:\/\/ebiketour.ch\/wp-content\/uploads\/2022\/07\/Groupes_rive_gauche-2-300x225.jpg 300w, https:\/\/ebiketour.ch\/wp-content\/uploads\/2022\/07\/Groupes_rive_gauche-2-16x12.jpg 16w\" sizes=\"auto, (max-width: 640px) 100vw, 640px\" \/><\/a><\/li><li><a class=\"\" href=\"https:\/\/ebiketour.ch\/wp-content\/uploads\/2020\/06\/jetdeau-1024x284.jpg\" data-lightbox=\"lightbox[rel-4703-3213683817]\"><img loading=\"lazy\" decoding=\"async\" width=\"1024\" height=\"284\" src=\"https:\/\/ebiketour.ch\/wp-content\/uploads\/2020\/06\/jetdeau-1024x284.jpg\" class=\"attachment-large\" alt=\"\" title=\"jetdeau\" srcset=\"https:\/\/ebiketour.ch\/wp-content\/uploads\/2020\/06\/jetdeau-1024x284.jpg 1024w, https:\/\/ebiketour.ch\/wp-content\/uploads\/2020\/06\/jetdeau-600x166.jpg 600w, https:\/\/ebiketour.ch\/wp-content\/uploads\/2020\/06\/jetdeau-300x83.jpg 300w, https:\/\/ebiketour.ch\/wp-content\/uploads\/2020\/06\/jetdeau-768x213.jpg 768w, https:\/\/ebiketour.ch\/wp-content\/uploads\/2020\/06\/jetdeau-1536x425.jpg 1536w, https:\/\/ebiketour.ch\/wp-content\/uploads\/2020\/06\/jetdeau.jpg 1600w\" sizes=\"auto, (max-width: 1024px) 100vw, 1024px\" \/><\/a><\/li><\/ul><\/div><\/div><\/div><\/div><\/div><\/div><div class=\"wpb_column vc_column_container vc_col-sm-6\"><div class=\"vc_column-inner\"><div class=\"wpb_wrapper\"><div class=\"vc_empty_space\"   style=\"height: 32px\"><span class=\"vc_empty_space_inner\"><\/span><\/div>\n\t<div class=\"wpb_text_column wpb_content_element \" >\n\t\t<div class=\"wpb_wrapper\">\n\t\t\t<h5>Depuis 2012, nous proposons des sorties d\u2019entreprises, excursions p\u00e9dagogiques ou balades familiales cl\u00e9-en-main en r\u00e9pondant \u00e0 vos attentes particuli\u00e8res.<\/h5>\n<h5>Ville ? Campagne ? Visite culturelle ou animation \u00e9ducative ? Retour en&nbsp; bateau ? D\u00e9gustation, ap\u00e9ritif ou repas ?<\/h5>\n<h5>Nous sommes \u00e0 votre \u00e9coute pour l&rsquo;organisation d&rsquo;une excursion individuelle.<\/h5>\n<h5>Envoyez-nous votre demande via le formulaire ci-dessous. Nous r\u00e9pondrons avec une proposition concr\u00e8te et chiffr\u00e9e.<\/h5>\n<h5>Votre tour \u00e0 v\u00e9lo inoubliable et facile \u00e0 organiser est \u00e0 quelques clics.<\/h5>\n<h5>&nbsp;<\/h5>\n\n\t\t<\/div>\n\t<\/div>\n<\/div><\/div><\/div><\/div><\/div><\/div><\/div><\/div>\n<\/section>","protected":false},"excerpt":{"rendered":"ebiketour fait une pause, nous esp\u00e9rons vous retrouver tr\u00e8s vite&nbsp; &#x1f6b2; ! Depuis 2012, nous proposons des sorties d\u2019entreprises, excursions p\u00e9dagogiques ou balades familiales cl\u00e9-en-main en r\u00e9pondant \u00e0 vos attentes particuli\u00e8res. Ville ? Campagne ? Visite culturelle ou animation \u00e9ducative ? Retour en&nbsp; bateau ? D\u00e9gustation, ap\u00e9ritif ou repas ? Nous sommes \u00e0 votre \u00e9coute [...]","protected":false},"author":3,"featured_media":0,"parent":0,"menu_order":0,"comment_status":"closed","ping_status":"closed","template":"","meta":{"_acf_changed":false,"site-sidebar-layout":"no-sidebar","site-content-layout":"plain-container","ast-site-content-layout":"normal-width-container","site-content-style":"unboxed","site-sidebar-style":"unboxed","ast-global-header-display":"","ast-banner-title-visibility":"","ast-main-header-display":"","ast-hfb-above-header-display":"","ast-hfb-below-header-display":"","ast-hfb-mobile-header-display":"","site-post-title":"disabled","ast-breadcrumbs-content":"","ast-featured-img":"disabled","footer-sml-layout":"","theme-transparent-header-meta":"default","adv-header-id-meta":"","stick-header-meta":"","header-above-stick-meta":"","header-main-stick-meta":"","header-below-stick-meta":"","astra-migrate-meta-layouts":"set","ast-page-background-enabled":"default","ast-page-background-meta":{"desktop":{"background-color":"var(--ast-global-color-4)","background-image":"","background-repeat":"repeat","background-position":"center center","background-size":"auto","background-attachment":"scroll","background-type":"","background-media":"","overlay-type":"","overlay-color":"","overlay-opacity":"","overlay-gradient":""},"tablet":{"background-color":"","background-image":"","background-repeat":"repeat","background-position":"center center","background-size":"auto","background-attachment":"scroll","background-type":"","background-media":"","overlay-type":"","overlay-color":"","overlay-opacity":"","overlay-gradient":""},"mobile":{"background-color":"","background-image":"","background-repeat":"repeat","background-position":"center center","background-size":"auto","background-attachment":"scroll","background-type":"","background-media":"","overlay-type":"","overlay-color":"","overlay-opacity":"","overlay-gradient":""}},"ast-content-background-meta":{"desktop":{"background-color":"var(--ast-global-color-5)","background-image":"","background-repeat":"repeat","background-position":"center center","background-size":"auto","background-attachment":"scroll","background-type":"","background-media":"","overlay-type":"","overlay-color":"","overlay-opacity":"","overlay-gradient":""},"tablet":{"background-color":"var(--ast-global-color-5)","background-image":"","background-repeat":"repeat","background-position":"center center","background-size":"auto","background-attachment":"scroll","background-type":"","background-media":"","overlay-type":"","overlay-color":"","overlay-opacity":"","overlay-gradient":""},"mobile":{"background-color":"var(--ast-global-color-5)","background-image":"","background-repeat":"repeat","background-position":"center center","background-size":"auto","background-attachment":"scroll","background-type":"","background-media":"","overlay-type":"","overlay-color":"","overlay-opacity":"","overlay-gradient":""}},"ngg_post_thumbnail":0,"footnotes":""},"class_list":["post-4703","page","type-page","status-publish","hentry"],"acf":[],"_links":{"self":[{"href":"https:\/\/ebiketour.ch\/en\/wp-json\/wp\/v2\/pages\/4703","targetHints":{"allow":["GET"]}}],"collection":[{"href":"https:\/\/ebiketour.ch\/en\/wp-json\/wp\/v2\/pages"}],"about":[{"href":"https:\/\/ebiketour.ch\/en\/wp-json\/wp\/v2\/types\/page"}],"author":[{"embeddable":true,"href":"https:\/\/ebiketour.ch\/en\/wp-json\/wp\/v2\/users\/3"}],"replies":[{"embeddable":true,"href":"https:\/\/ebiketour.ch\/en\/wp-json\/wp\/v2\/comments?post=4703"}],"version-history":[{"count":16,"href":"https:\/\/ebiketour.ch\/en\/wp-json\/wp\/v2\/pages\/4703\/revisions"}],"predecessor-version":[{"id":4882,"href":"https:\/\/ebiketour.ch\/en\/wp-json\/wp\/v2\/pages\/4703\/revisions\/4882"}],"wp:attachment":[{"href":"https:\/\/ebiketour.ch\/en\/wp-json\/wp\/v2\/media?parent=4703"}],"curies":[{"name":"wp","href":"https:\/\/api.w.org\/{rel}","templated":true}]}}